{"id":2405,"date":"2019-05-13T17:58:06","date_gmt":"2019-05-13T15:58:06","guid":{"rendered":"http:\/\/penkereineward.de.w01c2c81.kasserver.com\/?page_id=2405"},"modified":"2019-05-13T17:58:06","modified_gmt":"2019-05-13T15:58:06","slug":"thermal-engineering","status":"publish","type":"page","link":"http:\/\/penkereineward.de.w01c2c81.kasserver.com\/en\/thermal-engineering\/","title":{"rendered":"Thermal engineering"},"content":{"rendered":"<h2>Zubeh\u00f6r im Bereich der W\u00e4rmetechnik vom Fachmann<\/h2>\n<p>Zusammen mit unserem Partner, der Caldarius Apparatebau GmbH sind wir professionelle und zuverl\u00e4ssige Ansprechpartner f\u00fcr unsere industriellen sowie kommunalen Kunden im Bereich der Projektierung von Energie-und w\u00e4rmetechnischen Anlagen. Speziell im Bereich W\u00e4rmetechnik haben wir ein gro\u00dfes Sortiment von technischem Zubeh\u00f6r im Angebot.<\/p>\n<p>&nbsp;<\/p>\n<h3>Unser Angebot im Bereich W\u00e4rmetechnik &#8211; alles, was Sie f\u00fcr Ihre Anlagen brauchen<\/h3>\n<p><img decoding=\"async\" loading=\"lazy\" class=\"alignright wp-image-1277 \" title=\"W\u00e4rmetechnik\" src=\"http:\/\/penkereineward.de.w01c2c81.kasserver.com\/wp-content\/uploads\/2017\/08\/3-VA-Dampfregister-2-300x226.png\" alt=\"W\u00e4rmetechnik\" width=\"252\" height=\"190\" srcset=\"http:\/\/penkereineward.de.w01c2c81.kasserver.com\/wp-content\/uploads\/2017\/08\/3-VA-Dampfregister-2-300x226.png 300w, http:\/\/penkereineward.de.w01c2c81.kasserver.com\/wp-content\/uploads\/2017\/08\/3-VA-Dampfregister-2-199x150.png 199w, http:\/\/penkereineward.de.w01c2c81.kasserver.com\/wp-content\/uploads\/2017\/08\/3-VA-Dampfregister-2.png 700w\" sizes=\"(max-width: 252px) 100vw, 252px\" \/>Bei uns erhalten Sie qualitativ hochwertige Produkte und Zubeh\u00f6r wie zum Beispiel:<\/p>\n<ul>\n<li>W\u00e4rmeaustauscher<\/li>\n<li>w\u00e4rmetechnische Apparate und Beh\u00e4lter<\/li>\n<li>Armaturen<\/li>\n<li>Pumpen<\/li>\n<li>Mess- und Regeltechnik<\/li>\n<li>Dichtungen<\/li>\n<\/ul>\n<p>&nbsp;<\/p>\n<h3>Wir bieten Ihnen ein umfangreiches Angebot an W\u00e4rmeaustauschern<\/h3>\n<p>Unser Partner, die Caldarius Apparatebau GmbH steht f\u00fcr zuverl\u00e4ssige Leistungen in den Bereichen Konstruktion und Fertigung von W\u00e4rmeaustauschern und w\u00e4rmetechnischen Apparaten auf h\u00f6chstem Niveau. Somit liefern wir Ihnen vom Edelstahlw\u00e4rmetauscher \u00fcber Rohrb\u00fcndelw\u00e4rmetauscher wie auch Ersatzrohrb\u00fcndel bis bin zum Plattenw\u00e4rmetauscher nahezu jeden W\u00e4rme\u00fcbertrager, den Sie ben\u00f6tigen. Auch Schwei\u00dfarbeiten und Lohnproduktion k\u00f6nnen wir in diesem Segment anbieten.<\/p>\n<p>&nbsp;<\/p>\n<h3>Unsere St\u00e4rken &#8211; erstklassige Beratung und hochwertigste Industrieprodukte<\/h3>\n<p>Wir von Penke, Reineward &amp; Co. GmbH begeistern unsere Stammkunden seit Jahrzehnten mit unserer professionellen Beratung bei der Projektierung und Auslegung von w\u00e4rmetechnischen Anlagen. Dabei passen wir sowohl die Projektierung als auch die entsprechenden technischen Ausf\u00fchrungen der Anlage den individuellen Bed\u00fcrfnissen unseres jeweiligen Kunden an. Wir arbeiten flexibel und zuverl\u00e4ssig. Spezielle Anforderungen zum Beispiel aus den Bereichen der Holz-, Automobil-, Pharma-, Textil-, Energie-, Lebensmittel- oder Papierindustrie sind uns ein besonderer Ansporn, jeweils ganz spezifische L\u00f6sungen f\u00fcr die entsprechenden w\u00e4rmetechnischen Anlagen zu entwickeln. Was die von uns gelieferten Produkte und technischen Bestandteile angeht, sind diese von hoher Qualit\u00e4t, f\u00fcr den Dauereinsatz entwickelt und besonders langlebig ausgelegt. Vielfach sind verschiedene Materiall\u00f6sungen m\u00f6glich, die ebenfalls genau auf die Anforderungen Ihrer spezifischen w\u00e4rmetechnischen Anlage angepasst werden k\u00f6nnen. Die Produkte entsprechen hohen Sicherheitsanforderungen.<\/p>\n<p>&nbsp;<\/p>\n","protected":false},"excerpt":{"rendered":"<p>Zubeh\u00f6r im Bereich der W\u00e4rmetechnik vom Fachmann Zusammen mit unserem Partner, der Caldarius Apparatebau GmbH sind wir professionelle und zuverl\u00e4ssige Ansprechpartner f\u00fcr unsere industriellen sowie kommunalen Kunden im Bereich der Projektierung von Energie-und w\u00e4rmetechnischen Anlagen. Speziell im Bereich W\u00e4rmetechnik haben wir ein gro\u00dfes Sortiment von technischem Zubeh\u00f6r im Angebot. &nbsp; Unser Angebot im Bereich W\u00e4rmetechnik<a href=\"http:\/\/penkereineward.de.w01c2c81.kasserver.com\/en\/thermal-engineering\/\" class=\"more-link\"> [mehr lesen] <\/a><\/p>\n","protected":false},"author":1,"featured_media":0,"parent":0,"menu_order":0,"comment_status":"closed","ping_status":"closed","template":"","meta":[],"acf":[],"yoast_head":"<!-- This site is optimized with the Yoast SEO plugin v21.5 - https:\/\/yoast.com\/wordpress\/plugins\/seo\/ -->\n<title>Thermal engineering - Penke, Reineward &amp; Co. GmbH<\/title>\n<meta name=\"robots\" content=\"index, follow, max-snippet:-1, max-image-preview:large, max-video-preview:-1\" \/>\n<link rel=\"canonical\" href=\"http:\/\/penkereineward.de.w01c2c81.kasserver.com\/en\/thermal-engineering\/\" \/>\n<meta property=\"og:locale\" content=\"en_US\" \/>\n<meta property=\"og:type\" content=\"article\" \/>\n<meta property=\"og:title\" content=\"Thermal engineering - Penke, Reineward &amp; Co. GmbH\" \/>\n<meta property=\"og:description\" content=\"Zubeh\u00f6r im Bereich der W\u00e4rmetechnik vom Fachmann Zusammen mit unserem Partner, der Caldarius Apparatebau GmbH sind wir professionelle und zuverl\u00e4ssige Ansprechpartner f\u00fcr unsere industriellen sowie kommunalen Kunden im Bereich der Projektierung von Energie-und w\u00e4rmetechnischen Anlagen. Speziell im Bereich W\u00e4rmetechnik haben wir ein gro\u00dfes Sortiment von technischem Zubeh\u00f6r im Angebot. &nbsp; Unser Angebot im Bereich W\u00e4rmetechnik [mehr lesen]\" \/>\n<meta property=\"og:url\" content=\"http:\/\/penkereineward.de.w01c2c81.kasserver.com\/en\/thermal-engineering\/\" \/>\n<meta property=\"og:site_name\" content=\"Penke, Reineward &amp; Co. GmbH\" \/>\n<meta property=\"og:image\" content=\"http:\/\/penkereineward.de.w01c2c81.kasserver.com\/wp-content\/uploads\/2017\/08\/3-VA-Dampfregister-2-300x226.png\" \/>\n<meta name=\"twitter:card\" content=\"summary_large_image\" \/>\n<meta name=\"twitter:label1\" content=\"Est. reading time\" \/>\n\t<meta name=\"twitter:data1\" content=\"2 minutes\" \/>\n<script type=\"application\/ld+json\" class=\"yoast-schema-graph\">{\"@context\":\"https:\/\/schema.org\",\"@graph\":[{\"@type\":\"WebPage\",\"@id\":\"http:\/\/penkereineward.de.w01c2c81.kasserver.com\/en\/thermal-engineering\/\",\"url\":\"http:\/\/penkereineward.de.w01c2c81.kasserver.com\/en\/thermal-engineering\/\",\"name\":\"Thermal engineering - Penke, Reineward &amp; Co. GmbH\",\"isPartOf\":{\"@id\":\"http:\/\/penkereineward.de.w01c2c81.kasserver.com\/en\/#website\"},\"datePublished\":\"2019-05-13T15:58:06+00:00\",\"dateModified\":\"2019-05-13T15:58:06+00:00\",\"breadcrumb\":{\"@id\":\"http:\/\/penkereineward.de.w01c2c81.kasserver.com\/en\/thermal-engineering\/#breadcrumb\"},\"inLanguage\":\"en-US\",\"potentialAction\":[{\"@type\":\"ReadAction\",\"target\":[\"http:\/\/penkereineward.de.w01c2c81.kasserver.com\/en\/thermal-engineering\/\"]}]},{\"@type\":\"BreadcrumbList\",\"@id\":\"http:\/\/penkereineward.de.w01c2c81.kasserver.com\/en\/thermal-engineering\/#breadcrumb\",\"itemListElement\":[{\"@type\":\"ListItem\",\"position\":1,\"name\":\"Startseite\",\"item\":\"http:\/\/penkereineward.de.w01c2c81.kasserver.com\/en\/\"},{\"@type\":\"ListItem\",\"position\":2,\"name\":\"Thermal engineering\"}]},{\"@type\":\"WebSite\",\"@id\":\"http:\/\/penkereineward.de.w01c2c81.kasserver.com\/en\/#website\",\"url\":\"http:\/\/penkereineward.de.w01c2c81.kasserver.com\/en\/\",\"name\":\"Penke, Reineward &amp; Co. GmbH\",\"description\":\"Technischer Handel mit Industrieprodukten\",\"potentialAction\":[{\"@type\":\"SearchAction\",\"target\":{\"@type\":\"EntryPoint\",\"urlTemplate\":\"http:\/\/penkereineward.de.w01c2c81.kasserver.com\/en\/?s={search_term_string}\"},\"query-input\":\"required name=search_term_string\"}],\"inLanguage\":\"en-US\"}]}<\/script>\n<!-- \/ Yoast SEO plugin. -->","yoast_head_json":{"title":"Thermal engineering - Penke, Reineward &amp; Co. GmbH","robots":{"index":"index","follow":"follow","max-snippet":"max-snippet:-1","max-image-preview":"max-image-preview:large","max-video-preview":"max-video-preview:-1"},"canonical":"http:\/\/penkereineward.de.w01c2c81.kasserver.com\/en\/thermal-engineering\/","og_locale":"en_US","og_type":"article","og_title":"Thermal engineering - Penke, Reineward &amp; Co. GmbH","og_description":"Zubeh\u00f6r im Bereich der W\u00e4rmetechnik vom Fachmann Zusammen mit unserem Partner, der Caldarius Apparatebau GmbH sind wir professionelle und zuverl\u00e4ssige Ansprechpartner f\u00fcr unsere industriellen sowie kommunalen Kunden im Bereich der Projektierung von Energie-und w\u00e4rmetechnischen Anlagen. Speziell im Bereich W\u00e4rmetechnik haben wir ein gro\u00dfes Sortiment von technischem Zubeh\u00f6r im Angebot. &nbsp; Unser Angebot im Bereich W\u00e4rmetechnik [mehr lesen]","og_url":"http:\/\/penkereineward.de.w01c2c81.kasserver.com\/en\/thermal-engineering\/","og_site_name":"Penke, Reineward &amp; Co. GmbH","og_image":[{"url":"http:\/\/penkereineward.de.w01c2c81.kasserver.com\/wp-content\/uploads\/2017\/08\/3-VA-Dampfregister-2-300x226.png"}],"twitter_card":"summary_large_image","twitter_misc":{"Est. reading time":"2 minutes"},"schema":{"@context":"https:\/\/schema.org","@graph":[{"@type":"WebPage","@id":"http:\/\/penkereineward.de.w01c2c81.kasserver.com\/en\/thermal-engineering\/","url":"http:\/\/penkereineward.de.w01c2c81.kasserver.com\/en\/thermal-engineering\/","name":"Thermal engineering - Penke, Reineward &amp; Co. GmbH","isPartOf":{"@id":"http:\/\/penkereineward.de.w01c2c81.kasserver.com\/en\/#website"},"datePublished":"2019-05-13T15:58:06+00:00","dateModified":"2019-05-13T15:58:06+00:00","breadcrumb":{"@id":"http:\/\/penkereineward.de.w01c2c81.kasserver.com\/en\/thermal-engineering\/#breadcrumb"},"inLanguage":"en-US","potentialAction":[{"@type":"ReadAction","target":["http:\/\/penkereineward.de.w01c2c81.kasserver.com\/en\/thermal-engineering\/"]}]},{"@type":"BreadcrumbList","@id":"http:\/\/penkereineward.de.w01c2c81.kasserver.com\/en\/thermal-engineering\/#breadcrumb","itemListElement":[{"@type":"ListItem","position":1,"name":"Startseite","item":"http:\/\/penkereineward.de.w01c2c81.kasserver.com\/en\/"},{"@type":"ListItem","position":2,"name":"Thermal engineering"}]},{"@type":"WebSite","@id":"http:\/\/penkereineward.de.w01c2c81.kasserver.com\/en\/#website","url":"http:\/\/penkereineward.de.w01c2c81.kasserver.com\/en\/","name":"Penke, Reineward &amp; Co. GmbH","description":"Technischer Handel mit Industrieprodukten","potentialAction":[{"@type":"SearchAction","target":{"@type":"EntryPoint","urlTemplate":"http:\/\/penkereineward.de.w01c2c81.kasserver.com\/en\/?s={search_term_string}"},"query-input":"required name=search_term_string"}],"inLanguage":"en-US"}]}},"_links":{"self":[{"href":"http:\/\/penkereineward.de.w01c2c81.kasserver.com\/en\/wp-json\/wp\/v2\/pages\/2405"}],"collection":[{"href":"http:\/\/penkereineward.de.w01c2c81.kasserver.com\/en\/wp-json\/wp\/v2\/pages"}],"about":[{"href":"http:\/\/penkereineward.de.w01c2c81.kasserver.com\/en\/wp-json\/wp\/v2\/types\/page"}],"author":[{"embeddable":true,"href":"http:\/\/penkereineward.de.w01c2c81.kasserver.com\/en\/wp-json\/wp\/v2\/users\/1"}],"replies":[{"embeddable":true,"href":"http:\/\/penkereineward.de.w01c2c81.kasserver.com\/en\/wp-json\/wp\/v2\/comments?post=2405"}],"version-history":[{"count":1,"href":"http:\/\/penkereineward.de.w01c2c81.kasserver.com\/en\/wp-json\/wp\/v2\/pages\/2405\/revisions"}],"predecessor-version":[{"id":2412,"href":"http:\/\/penkereineward.de.w01c2c81.kasserver.com\/en\/wp-json\/wp\/v2\/pages\/2405\/revisions\/2412"}],"wp:attachment":[{"href":"http:\/\/penkereineward.de.w01c2c81.kasserver.com\/en\/wp-json\/wp\/v2\/media?parent=2405"}],"curies":[{"name":"wp","href":"https:\/\/api.w.org\/{rel}","templated":true}]}}