{"id":2406,"date":"2019-05-13T17:56:53","date_gmt":"2019-05-13T15:56:53","guid":{"rendered":"http:\/\/penkereineward.de.w01c2c81.kasserver.com\/?page_id=2406"},"modified":"2019-05-13T17:56:53","modified_gmt":"2019-05-13T15:56:53","slug":"thermal-engineering-plants","status":"publish","type":"page","link":"http:\/\/penkereineward.de.w01c2c81.kasserver.com\/en\/thermal-engineering-plants\/","title":{"rendered":"Thermal engineering plants"},"content":{"rendered":"<h2>W\u00e4rmetechnische Anlagen f\u00fcr den industriellen Einsatzbereich<\/h2>\n<p>W\u00e4rmetechnische Anlagen leisten einen wichtigen Beitrag zur energetischen Ausstattung von Industrieanlagen. Bei uns profitieren Sie von einer besonders umfangreichen Auswahl, sodass f\u00fcr jeden Einsatzzweck optimal geeignete L\u00f6sungen verf\u00fcgbar sind. Testen Sie jetzt unsere langj\u00e4hrige Erfahrung in diesem Aufgabengebiet und fragen Sie w\u00e4rmetechnische Anlagen, die Ihrem individuellen Anforderungsprofil entsprechen, bei uns an.<\/p>\n<p>&nbsp;<\/p>\n<h3>Optimierte Energieeffizienz und vielf\u00e4ltige Qualit\u00e4tsmerkmale<\/h3>\n<p><img decoding=\"async\" loading=\"lazy\" class=\"alignright wp-image-1191\" title=\"W\u00e4rmetechnische Anlagen\" src=\"http:\/\/penkereineward.de.w01c2c81.kasserver.com\/wp-content\/uploads\/2017\/08\/DSC00319-300x225.jpg\" alt=\"W\u00e4rmetechnische Anlagen\" width=\"269\" height=\"202\" srcset=\"http:\/\/penkereineward.de.w01c2c81.kasserver.com\/wp-content\/uploads\/2017\/08\/DSC00319-300x225.jpg 300w, http:\/\/penkereineward.de.w01c2c81.kasserver.com\/wp-content\/uploads\/2017\/08\/DSC00319-768x576.jpg 768w, http:\/\/penkereineward.de.w01c2c81.kasserver.com\/wp-content\/uploads\/2017\/08\/DSC00319.jpg 1024w, http:\/\/penkereineward.de.w01c2c81.kasserver.com\/wp-content\/uploads\/2017\/08\/DSC00319-200x150.jpg 200w\" sizes=\"(max-width: 269px) 100vw, 269px\" \/>Die Investition in eine w\u00e4rmetechnische Anlage rentiert sich oft schon innerhalb k\u00fcrzester Zeit. Unser Angebot beinhaltet zum Beispiel Hei\u00dfwasserverteiler f\u00fcr den Betrieb in Fernw\u00e4rmestationen. Hergestellt aus robustem Stahl zeichnen sich diese Anlagen durch ein H\u00f6chstma\u00df an Robustheit und Widerstandsf\u00e4higkeit aus. Des Weiteren finden Sie bei uns Reindampferzeuger, mit denen sich Wasser energieeffizient in Dampf umwandeln l\u00e4sst. Der zugeh\u00f6rige Kesselk\u00f6rper wird auf einem funktionalen Rahmengestell montiert und l\u00e4sst sich somit flexibel positionieren. Zus\u00e4tzliche Ausstattungsmerkmale der bei uns erh\u00e4ltlichen Reindampferzeuger sind eine innovative Armaturentechnik und die dazugeh\u00f6rige Mess und Regeltechnik.<\/p>\n<p>&nbsp;<\/p>\n<h3>Bestellen Sie w\u00e4rmetechnische Anlagen<\/h3>\n<p>Auch unsere Rohrb\u00fcndel-W\u00e4rmetauscher sorgen f\u00fcr eine energieeffiziente Wassererhitzung und k\u00f6nnen f\u00fcr den Betrieb einer Fernw\u00e4rmestation verwendet werden. Dar\u00fcber hinaus umfasst unser Sortiment vielseitig einsetzbare Kondensatsammelbeh\u00e4lter mit Pumpen und Armaturentechnik. Vervollst\u00e4ndigt wird das ganzheitliche Angebot durch Lamellenw\u00e4rmetauscher, Geradrohrw\u00e4rmetauscher, U-Rohr-W\u00e4rmetauscher, Plattenw\u00e4rmetauscherstationen mit hochwertiger Isolierung, Tischk\u00fchler f\u00fcr D\u00e4pfe und Fl\u00fcssigkeiten mit angepassten Ventilatoren, Abgasw\u00e4rmetauscher mit integrierten Bypassklappen oder Reingasw\u00e4rmetauscher, nachgeschaltet hinter regenerativen Verbrennungsanlagen. Die Vorstellungen unserer Kunden bilden bei uns den Mittelpunkt aller \u00dcberlegungen. Dementsprechend bieten wir Ihnen \u201ema\u00dfgeschneiderte\u201c w\u00e4rmetechnische Anlagen an, mit denen Sie Ihre ganz individuellen Projekte realisieren k\u00f6nnen. Falls Sie Fragen zu einzelnen Ausstattungsmerkmalen der w\u00e4rmetechnischen Anlagen oder zum Ablauf der Bestellung haben, z\u00f6gern Sie bitte nicht und kontaktieren Sie uns. Unsere erfahrenen Mitarbeiter stehen Ihnen sowohl per Mail als auch am Telefon beratend zur Seite.<\/p>\n<p>&nbsp;<\/p>\n","protected":false},"excerpt":{"rendered":"<p>W\u00e4rmetechnische Anlagen f\u00fcr den industriellen Einsatzbereich W\u00e4rmetechnische Anlagen leisten einen wichtigen Beitrag zur energetischen Ausstattung von Industrieanlagen. Bei uns profitieren Sie von einer besonders umfangreichen Auswahl, sodass f\u00fcr jeden Einsatzzweck optimal geeignete L\u00f6sungen verf\u00fcgbar sind. Testen Sie jetzt unsere langj\u00e4hrige Erfahrung in diesem Aufgabengebiet und fragen Sie w\u00e4rmetechnische Anlagen, die Ihrem individuellen Anforderungsprofil entsprechen, bei<a href=\"http:\/\/penkereineward.de.w01c2c81.kasserver.com\/en\/thermal-engineering-plants\/\" class=\"more-link\"> [mehr lesen] <\/a><\/p>\n","protected":false},"author":1,"featured_media":0,"parent":0,"menu_order":0,"comment_status":"closed","ping_status":"closed","template":"","meta":[],"acf":[],"yoast_head":"<!-- This site is optimized with the Yoast SEO plugin v21.5 - https:\/\/yoast.com\/wordpress\/plugins\/seo\/ -->\n<title>Thermal engineering plants - Penke, Reineward &amp; Co. GmbH<\/title>\n<meta name=\"robots\" content=\"index, follow, max-snippet:-1, max-image-preview:large, max-video-preview:-1\" \/>\n<link rel=\"canonical\" href=\"http:\/\/penkereineward.de.w01c2c81.kasserver.com\/en\/thermal-engineering-plants\/\" \/>\n<meta property=\"og:locale\" content=\"en_US\" \/>\n<meta property=\"og:type\" content=\"article\" \/>\n<meta property=\"og:title\" content=\"Thermal engineering plants - Penke, Reineward &amp; Co. GmbH\" \/>\n<meta property=\"og:description\" content=\"W\u00e4rmetechnische Anlagen f\u00fcr den industriellen Einsatzbereich W\u00e4rmetechnische Anlagen leisten einen wichtigen Beitrag zur energetischen Ausstattung von Industrieanlagen. Bei uns profitieren Sie von einer besonders umfangreichen Auswahl, sodass f\u00fcr jeden Einsatzzweck optimal geeignete L\u00f6sungen verf\u00fcgbar sind. Testen Sie jetzt unsere langj\u00e4hrige Erfahrung in diesem Aufgabengebiet und fragen Sie w\u00e4rmetechnische Anlagen, die Ihrem individuellen Anforderungsprofil entsprechen, bei [mehr lesen]\" \/>\n<meta property=\"og:url\" content=\"http:\/\/penkereineward.de.w01c2c81.kasserver.com\/en\/thermal-engineering-plants\/\" \/>\n<meta property=\"og:site_name\" content=\"Penke, Reineward &amp; Co. GmbH\" \/>\n<meta property=\"og:image\" content=\"http:\/\/penkereineward.de.w01c2c81.kasserver.com\/wp-content\/uploads\/2017\/08\/DSC00319-300x225.jpg\" \/>\n<meta name=\"twitter:card\" content=\"summary_large_image\" \/>\n<meta name=\"twitter:label1\" content=\"Est. reading time\" \/>\n\t<meta name=\"twitter:data1\" content=\"2 minutes\" \/>\n<script type=\"application\/ld+json\" class=\"yoast-schema-graph\">{\"@context\":\"https:\/\/schema.org\",\"@graph\":[{\"@type\":\"WebPage\",\"@id\":\"http:\/\/penkereineward.de.w01c2c81.kasserver.com\/en\/thermal-engineering-plants\/\",\"url\":\"http:\/\/penkereineward.de.w01c2c81.kasserver.com\/en\/thermal-engineering-plants\/\",\"name\":\"Thermal engineering plants - Penke, Reineward &amp; Co. GmbH\",\"isPartOf\":{\"@id\":\"http:\/\/penkereineward.de.w01c2c81.kasserver.com\/en\/#website\"},\"datePublished\":\"2019-05-13T15:56:53+00:00\",\"dateModified\":\"2019-05-13T15:56:53+00:00\",\"breadcrumb\":{\"@id\":\"http:\/\/penkereineward.de.w01c2c81.kasserver.com\/en\/thermal-engineering-plants\/#breadcrumb\"},\"inLanguage\":\"en-US\",\"potentialAction\":[{\"@type\":\"ReadAction\",\"target\":[\"http:\/\/penkereineward.de.w01c2c81.kasserver.com\/en\/thermal-engineering-plants\/\"]}]},{\"@type\":\"BreadcrumbList\",\"@id\":\"http:\/\/penkereineward.de.w01c2c81.kasserver.com\/en\/thermal-engineering-plants\/#breadcrumb\",\"itemListElement\":[{\"@type\":\"ListItem\",\"position\":1,\"name\":\"Startseite\",\"item\":\"http:\/\/penkereineward.de.w01c2c81.kasserver.com\/en\/\"},{\"@type\":\"ListItem\",\"position\":2,\"name\":\"Thermal engineering plants\"}]},{\"@type\":\"WebSite\",\"@id\":\"http:\/\/penkereineward.de.w01c2c81.kasserver.com\/en\/#website\",\"url\":\"http:\/\/penkereineward.de.w01c2c81.kasserver.com\/en\/\",\"name\":\"Penke, Reineward &amp; Co. GmbH\",\"description\":\"Technischer Handel mit Industrieprodukten\",\"potentialAction\":[{\"@type\":\"SearchAction\",\"target\":{\"@type\":\"EntryPoint\",\"urlTemplate\":\"http:\/\/penkereineward.de.w01c2c81.kasserver.com\/en\/?s={search_term_string}\"},\"query-input\":\"required name=search_term_string\"}],\"inLanguage\":\"en-US\"}]}<\/script>\n<!-- \/ Yoast SEO plugin. -->","yoast_head_json":{"title":"Thermal engineering plants - Penke, Reineward &amp; Co. GmbH","robots":{"index":"index","follow":"follow","max-snippet":"max-snippet:-1","max-image-preview":"max-image-preview:large","max-video-preview":"max-video-preview:-1"},"canonical":"http:\/\/penkereineward.de.w01c2c81.kasserver.com\/en\/thermal-engineering-plants\/","og_locale":"en_US","og_type":"article","og_title":"Thermal engineering plants - Penke, Reineward &amp; Co. GmbH","og_description":"W\u00e4rmetechnische Anlagen f\u00fcr den industriellen Einsatzbereich W\u00e4rmetechnische Anlagen leisten einen wichtigen Beitrag zur energetischen Ausstattung von Industrieanlagen. Bei uns profitieren Sie von einer besonders umfangreichen Auswahl, sodass f\u00fcr jeden Einsatzzweck optimal geeignete L\u00f6sungen verf\u00fcgbar sind. Testen Sie jetzt unsere langj\u00e4hrige Erfahrung in diesem Aufgabengebiet und fragen Sie w\u00e4rmetechnische Anlagen, die Ihrem individuellen Anforderungsprofil entsprechen, bei [mehr lesen]","og_url":"http:\/\/penkereineward.de.w01c2c81.kasserver.com\/en\/thermal-engineering-plants\/","og_site_name":"Penke, Reineward &amp; Co. GmbH","og_image":[{"url":"http:\/\/penkereineward.de.w01c2c81.kasserver.com\/wp-content\/uploads\/2017\/08\/DSC00319-300x225.jpg"}],"twitter_card":"summary_large_image","twitter_misc":{"Est. reading time":"2 minutes"},"schema":{"@context":"https:\/\/schema.org","@graph":[{"@type":"WebPage","@id":"http:\/\/penkereineward.de.w01c2c81.kasserver.com\/en\/thermal-engineering-plants\/","url":"http:\/\/penkereineward.de.w01c2c81.kasserver.com\/en\/thermal-engineering-plants\/","name":"Thermal engineering plants - Penke, Reineward &amp; Co. GmbH","isPartOf":{"@id":"http:\/\/penkereineward.de.w01c2c81.kasserver.com\/en\/#website"},"datePublished":"2019-05-13T15:56:53+00:00","dateModified":"2019-05-13T15:56:53+00:00","breadcrumb":{"@id":"http:\/\/penkereineward.de.w01c2c81.kasserver.com\/en\/thermal-engineering-plants\/#breadcrumb"},"inLanguage":"en-US","potentialAction":[{"@type":"ReadAction","target":["http:\/\/penkereineward.de.w01c2c81.kasserver.com\/en\/thermal-engineering-plants\/"]}]},{"@type":"BreadcrumbList","@id":"http:\/\/penkereineward.de.w01c2c81.kasserver.com\/en\/thermal-engineering-plants\/#breadcrumb","itemListElement":[{"@type":"ListItem","position":1,"name":"Startseite","item":"http:\/\/penkereineward.de.w01c2c81.kasserver.com\/en\/"},{"@type":"ListItem","position":2,"name":"Thermal engineering plants"}]},{"@type":"WebSite","@id":"http:\/\/penkereineward.de.w01c2c81.kasserver.com\/en\/#website","url":"http:\/\/penkereineward.de.w01c2c81.kasserver.com\/en\/","name":"Penke, Reineward &amp; Co. GmbH","description":"Technischer Handel mit Industrieprodukten","potentialAction":[{"@type":"SearchAction","target":{"@type":"EntryPoint","urlTemplate":"http:\/\/penkereineward.de.w01c2c81.kasserver.com\/en\/?s={search_term_string}"},"query-input":"required name=search_term_string"}],"inLanguage":"en-US"}]}},"_links":{"self":[{"href":"http:\/\/penkereineward.de.w01c2c81.kasserver.com\/en\/wp-json\/wp\/v2\/pages\/2406"}],"collection":[{"href":"http:\/\/penkereineward.de.w01c2c81.kasserver.com\/en\/wp-json\/wp\/v2\/pages"}],"about":[{"href":"http:\/\/penkereineward.de.w01c2c81.kasserver.com\/en\/wp-json\/wp\/v2\/types\/page"}],"author":[{"embeddable":true,"href":"http:\/\/penkereineward.de.w01c2c81.kasserver.com\/en\/wp-json\/wp\/v2\/users\/1"}],"replies":[{"embeddable":true,"href":"http:\/\/penkereineward.de.w01c2c81.kasserver.com\/en\/wp-json\/wp\/v2\/comments?post=2406"}],"version-history":[{"count":1,"href":"http:\/\/penkereineward.de.w01c2c81.kasserver.com\/en\/wp-json\/wp\/v2\/pages\/2406\/revisions"}],"predecessor-version":[{"id":2411,"href":"http:\/\/penkereineward.de.w01c2c81.kasserver.com\/en\/wp-json\/wp\/v2\/pages\/2406\/revisions\/2411"}],"wp:attachment":[{"href":"http:\/\/penkereineward.de.w01c2c81.kasserver.com\/en\/wp-json\/wp\/v2\/media?parent=2406"}],"curies":[{"name":"wp","href":"https:\/\/api.w.org\/{rel}","templated":true}]}}