{"id":2407,"date":"2019-05-13T17:55:24","date_gmt":"2019-05-13T15:55:24","guid":{"rendered":"http:\/\/penkereineward.de.w01c2c81.kasserver.com\/?page_id=2407"},"modified":"2019-05-13T17:55:24","modified_gmt":"2019-05-13T15:55:24","slug":"thermal-tanks","status":"publish","type":"page","link":"http:\/\/penkereineward.de.w01c2c81.kasserver.com\/en\/thermal-tanks\/","title":{"rendered":"Thermal tanks"},"content":{"rendered":"<h2>W\u00e4rmetechnische Beh\u00e4lter f\u00fcr eine verbesserte Energieeffizienz<\/h2>\n<p><img decoding=\"async\" loading=\"lazy\" class=\"alignright size-full wp-image-1045\" src=\"http:\/\/penkereineward.de.w01c2c81.kasserver.com\/wp-content\/uploads\/2017\/08\/druckbehaelter.jpg\" alt=\"\" width=\"200\" height=\"120\" \/>Fortschrittliche, moderne W\u00e4rmetechnik ist ein zentraler Bestandteil bei der energetischen Ausstattung. Wir bieten Ihnen zu diesem Zweck eine gro\u00dfe Auswahl an w\u00e4rmetechnischen Beh\u00e4ltern an: Die zielf\u00fchrende Verkn\u00fcpfung zwischen einer energieeffizienten Funktionsweise und einer hochwertigen Verarbeitung zieht sich dabei wie ein roter Faden durch das gesamte Sortiment.<\/p>\n<p>&nbsp;<\/p>\n<h3>Innovative Technik f\u00fcr minimierte Energiekosten<\/h3>\n<p>Um Ihren individuellen Anforderungen gerecht zu werden, bieten wir Ihnen w\u00e4rmetechnische Beh\u00e4lter in vielf\u00e4ltigen Varianten an. Das Angebot beinhaltet zum Beispiel funktionale Warmwasserbereiter. Durch die Ausstattung mit einem Heizrohrb\u00fcndel wird das Wasser effizient erhitzt, was mit verringerten Betriebskosten einhergeht. Des Weiteren f\u00fchren wir Druckbeh\u00e4lter f\u00fcr verschiedenste Anwendungen. Die Abnahme der zugeh\u00f6rigen Apparate erfolgt nach der aktuellen Druckger\u00e4terichtlinie (DGRL), sodass die Betriebssicherheit garantiert ist. Au\u00dferdem k\u00f6nnen Sie bei uns Kondensatbeh\u00e4lter in verschiedenen Ausf\u00fchrungen bestellen. Zur Auswahl stehen Ihnen sowohl drucklose als auch vakuumfeste Kondensatbeh\u00e4lter, wodurch f\u00fcr jeden Einsatzbereich optimal geeignete Beh\u00e4lter erh\u00e4ltlich sind.<\/p>\n<p>&nbsp;<\/p>\n<h3>Bestellen Sie w\u00e4rmetechnische Beh\u00e4lter in einer hohen Qualit\u00e4t<\/h3>\n<p>Vervollst\u00e4ndigt wird unsere Produktpalette im Segment w\u00e4rmetechnischer Beh\u00e4lter in Form von Speisewasserbeh\u00e4ltern mit Entgaserdom und Reindampferzeugern mit Einschubrohrb\u00fcndel. Neben der Vielfalt an unterschiedlichen Modellen zeichnet sich unser Sortiment auch durch einen gehobenen Qualit\u00e4tsstandard aus. Im Rahmen der Produktion kommen hochwertige Materialien wie Stahl oder Edelstahl zum Einsatz. Dementsprechend \u00fcberzeugen unsere w\u00e4rmetechnischen Beh\u00e4lter mit einer Widerstandsf\u00e4higkeit gegen\u00fcber Korossion und einer enormen Langlebigkeit. Auf Wunsch \u00fcbernehmen wir f\u00fcr Sie die fachgerechte Montage der Armaturen und Regeltechnik. So k\u00f6nnen Sie Ihre w\u00e4rmetechnischen Beh\u00e4lter ohne eigenen Installationsaufwand in Betrieb nehmen. Bei Fragen zu einzelnen Ausstattungsmerkmalen kontaktieren Sie uns einfach f\u00fcr eine pers\u00f6nliche Beratung!<\/p>\n<p>&nbsp;<\/p>\n","protected":false},"excerpt":{"rendered":"<p>W\u00e4rmetechnische Beh\u00e4lter f\u00fcr eine verbesserte Energieeffizienz Fortschrittliche, moderne W\u00e4rmetechnik ist ein zentraler Bestandteil bei der energetischen Ausstattung. Wir bieten Ihnen zu diesem Zweck eine gro\u00dfe Auswahl an w\u00e4rmetechnischen Beh\u00e4ltern an: Die zielf\u00fchrende Verkn\u00fcpfung zwischen einer energieeffizienten Funktionsweise und einer hochwertigen Verarbeitung zieht sich dabei wie ein roter Faden durch das gesamte Sortiment. &nbsp; Innovative Technik<a href=\"http:\/\/penkereineward.de.w01c2c81.kasserver.com\/en\/thermal-tanks\/\" class=\"more-link\"> [mehr lesen] <\/a><\/p>\n","protected":false},"author":1,"featured_media":0,"parent":0,"menu_order":0,"comment_status":"closed","ping_status":"closed","template":"","meta":[],"acf":[],"yoast_head":"<!-- This site is optimized with the Yoast SEO plugin v21.5 - https:\/\/yoast.com\/wordpress\/plugins\/seo\/ -->\n<title>Thermal tanks - Penke, Reineward &amp; Co. GmbH<\/title>\n<meta name=\"robots\" content=\"index, follow, max-snippet:-1, max-image-preview:large, max-video-preview:-1\" \/>\n<link rel=\"canonical\" href=\"http:\/\/penkereineward.de.w01c2c81.kasserver.com\/en\/thermal-tanks\/\" \/>\n<meta property=\"og:locale\" content=\"en_US\" \/>\n<meta property=\"og:type\" content=\"article\" \/>\n<meta property=\"og:title\" content=\"Thermal tanks - Penke, Reineward &amp; Co. GmbH\" \/>\n<meta property=\"og:description\" content=\"W\u00e4rmetechnische Beh\u00e4lter f\u00fcr eine verbesserte Energieeffizienz Fortschrittliche, moderne W\u00e4rmetechnik ist ein zentraler Bestandteil bei der energetischen Ausstattung. Wir bieten Ihnen zu diesem Zweck eine gro\u00dfe Auswahl an w\u00e4rmetechnischen Beh\u00e4ltern an: Die zielf\u00fchrende Verkn\u00fcpfung zwischen einer energieeffizienten Funktionsweise und einer hochwertigen Verarbeitung zieht sich dabei wie ein roter Faden durch das gesamte Sortiment. &nbsp; Innovative Technik [mehr lesen]\" \/>\n<meta property=\"og:url\" content=\"http:\/\/penkereineward.de.w01c2c81.kasserver.com\/en\/thermal-tanks\/\" \/>\n<meta property=\"og:site_name\" content=\"Penke, Reineward &amp; Co. GmbH\" \/>\n<meta property=\"og:image\" content=\"http:\/\/penkereineward.de.w01c2c81.kasserver.com\/wp-content\/uploads\/2017\/08\/druckbehaelter.jpg\" \/>\n<meta name=\"twitter:card\" content=\"summary_large_image\" \/>\n<meta name=\"twitter:label1\" content=\"Est. reading time\" \/>\n\t<meta name=\"twitter:data1\" content=\"2 minutes\" \/>\n<script type=\"application\/ld+json\" class=\"yoast-schema-graph\">{\"@context\":\"https:\/\/schema.org\",\"@graph\":[{\"@type\":\"WebPage\",\"@id\":\"http:\/\/penkereineward.de.w01c2c81.kasserver.com\/en\/thermal-tanks\/\",\"url\":\"http:\/\/penkereineward.de.w01c2c81.kasserver.com\/en\/thermal-tanks\/\",\"name\":\"Thermal tanks - Penke, Reineward &amp; Co. GmbH\",\"isPartOf\":{\"@id\":\"http:\/\/penkereineward.de.w01c2c81.kasserver.com\/en\/#website\"},\"datePublished\":\"2019-05-13T15:55:24+00:00\",\"dateModified\":\"2019-05-13T15:55:24+00:00\",\"breadcrumb\":{\"@id\":\"http:\/\/penkereineward.de.w01c2c81.kasserver.com\/en\/thermal-tanks\/#breadcrumb\"},\"inLanguage\":\"en-US\",\"potentialAction\":[{\"@type\":\"ReadAction\",\"target\":[\"http:\/\/penkereineward.de.w01c2c81.kasserver.com\/en\/thermal-tanks\/\"]}]},{\"@type\":\"BreadcrumbList\",\"@id\":\"http:\/\/penkereineward.de.w01c2c81.kasserver.com\/en\/thermal-tanks\/#breadcrumb\",\"itemListElement\":[{\"@type\":\"ListItem\",\"position\":1,\"name\":\"Startseite\",\"item\":\"http:\/\/penkereineward.de.w01c2c81.kasserver.com\/en\/\"},{\"@type\":\"ListItem\",\"position\":2,\"name\":\"Thermal tanks\"}]},{\"@type\":\"WebSite\",\"@id\":\"http:\/\/penkereineward.de.w01c2c81.kasserver.com\/en\/#website\",\"url\":\"http:\/\/penkereineward.de.w01c2c81.kasserver.com\/en\/\",\"name\":\"Penke, Reineward &amp; Co. GmbH\",\"description\":\"Technischer Handel mit Industrieprodukten\",\"potentialAction\":[{\"@type\":\"SearchAction\",\"target\":{\"@type\":\"EntryPoint\",\"urlTemplate\":\"http:\/\/penkereineward.de.w01c2c81.kasserver.com\/en\/?s={search_term_string}\"},\"query-input\":\"required name=search_term_string\"}],\"inLanguage\":\"en-US\"}]}<\/script>\n<!-- \/ Yoast SEO plugin. -->","yoast_head_json":{"title":"Thermal tanks - Penke, Reineward &amp; Co. GmbH","robots":{"index":"index","follow":"follow","max-snippet":"max-snippet:-1","max-image-preview":"max-image-preview:large","max-video-preview":"max-video-preview:-1"},"canonical":"http:\/\/penkereineward.de.w01c2c81.kasserver.com\/en\/thermal-tanks\/","og_locale":"en_US","og_type":"article","og_title":"Thermal tanks - Penke, Reineward &amp; Co. GmbH","og_description":"W\u00e4rmetechnische Beh\u00e4lter f\u00fcr eine verbesserte Energieeffizienz Fortschrittliche, moderne W\u00e4rmetechnik ist ein zentraler Bestandteil bei der energetischen Ausstattung. Wir bieten Ihnen zu diesem Zweck eine gro\u00dfe Auswahl an w\u00e4rmetechnischen Beh\u00e4ltern an: Die zielf\u00fchrende Verkn\u00fcpfung zwischen einer energieeffizienten Funktionsweise und einer hochwertigen Verarbeitung zieht sich dabei wie ein roter Faden durch das gesamte Sortiment. &nbsp; Innovative Technik [mehr lesen]","og_url":"http:\/\/penkereineward.de.w01c2c81.kasserver.com\/en\/thermal-tanks\/","og_site_name":"Penke, Reineward &amp; Co. GmbH","og_image":[{"url":"http:\/\/penkereineward.de.w01c2c81.kasserver.com\/wp-content\/uploads\/2017\/08\/druckbehaelter.jpg"}],"twitter_card":"summary_large_image","twitter_misc":{"Est. reading time":"2 minutes"},"schema":{"@context":"https:\/\/schema.org","@graph":[{"@type":"WebPage","@id":"http:\/\/penkereineward.de.w01c2c81.kasserver.com\/en\/thermal-tanks\/","url":"http:\/\/penkereineward.de.w01c2c81.kasserver.com\/en\/thermal-tanks\/","name":"Thermal tanks - Penke, Reineward &amp; Co. GmbH","isPartOf":{"@id":"http:\/\/penkereineward.de.w01c2c81.kasserver.com\/en\/#website"},"datePublished":"2019-05-13T15:55:24+00:00","dateModified":"2019-05-13T15:55:24+00:00","breadcrumb":{"@id":"http:\/\/penkereineward.de.w01c2c81.kasserver.com\/en\/thermal-tanks\/#breadcrumb"},"inLanguage":"en-US","potentialAction":[{"@type":"ReadAction","target":["http:\/\/penkereineward.de.w01c2c81.kasserver.com\/en\/thermal-tanks\/"]}]},{"@type":"BreadcrumbList","@id":"http:\/\/penkereineward.de.w01c2c81.kasserver.com\/en\/thermal-tanks\/#breadcrumb","itemListElement":[{"@type":"ListItem","position":1,"name":"Startseite","item":"http:\/\/penkereineward.de.w01c2c81.kasserver.com\/en\/"},{"@type":"ListItem","position":2,"name":"Thermal tanks"}]},{"@type":"WebSite","@id":"http:\/\/penkereineward.de.w01c2c81.kasserver.com\/en\/#website","url":"http:\/\/penkereineward.de.w01c2c81.kasserver.com\/en\/","name":"Penke, Reineward &amp; Co. GmbH","description":"Technischer Handel mit Industrieprodukten","potentialAction":[{"@type":"SearchAction","target":{"@type":"EntryPoint","urlTemplate":"http:\/\/penkereineward.de.w01c2c81.kasserver.com\/en\/?s={search_term_string}"},"query-input":"required name=search_term_string"}],"inLanguage":"en-US"}]}},"_links":{"self":[{"href":"http:\/\/penkereineward.de.w01c2c81.kasserver.com\/en\/wp-json\/wp\/v2\/pages\/2407"}],"collection":[{"href":"http:\/\/penkereineward.de.w01c2c81.kasserver.com\/en\/wp-json\/wp\/v2\/pages"}],"about":[{"href":"http:\/\/penkereineward.de.w01c2c81.kasserver.com\/en\/wp-json\/wp\/v2\/types\/page"}],"author":[{"embeddable":true,"href":"http:\/\/penkereineward.de.w01c2c81.kasserver.com\/en\/wp-json\/wp\/v2\/users\/1"}],"replies":[{"embeddable":true,"href":"http:\/\/penkereineward.de.w01c2c81.kasserver.com\/en\/wp-json\/wp\/v2\/comments?post=2407"}],"version-history":[{"count":1,"href":"http:\/\/penkereineward.de.w01c2c81.kasserver.com\/en\/wp-json\/wp\/v2\/pages\/2407\/revisions"}],"predecessor-version":[{"id":2410,"href":"http:\/\/penkereineward.de.w01c2c81.kasserver.com\/en\/wp-json\/wp\/v2\/pages\/2407\/revisions\/2410"}],"wp:attachment":[{"href":"http:\/\/penkereineward.de.w01c2c81.kasserver.com\/en\/wp-json\/wp\/v2\/media?parent=2407"}],"curies":[{"name":"wp","href":"https:\/\/api.w.org\/{rel}","templated":true}]}}