{"id":2408,"date":"2019-05-13T17:54:42","date_gmt":"2019-05-13T15:54:42","guid":{"rendered":"http:\/\/penkereineward.de.w01c2c81.kasserver.com\/?page_id=2408"},"modified":"2019-05-13T17:54:42","modified_gmt":"2019-05-13T15:54:42","slug":"water-heaters","status":"publish","type":"page","link":"http:\/\/penkereineward.de.w01c2c81.kasserver.com\/en\/water-heaters\/","title":{"rendered":"Water heaters"},"content":{"rendered":"<h2>Warmwasserbereiter als Basis der energetischen Ausstattung<\/h2>\n<p>Warmes Wasser geh\u00f6rt zu den grundlegenden Bestandteilen der energetischen Ausstattung von H\u00e4usern und Wohnungen. Zu diesem Zweck finden Sie bei uns funktionale Warmwasserbereiter in hochwertiger Qualit\u00e4t: Entdecken Sie jetzt unser vielf\u00e4ltiges Angebot und bestellen Sie Warmwasserbereiter, die Ihren individuellen Anforderungen gerecht werden.<\/p>\n<p>&nbsp;<\/p>\n<h3>Hoher Qualit\u00e4tsstandard und effiziente Technik<\/h3>\n<p><img decoding=\"async\" loading=\"lazy\" class=\"alignright wp-image-1131\" title=\"Warmwasserbereiter\" src=\"http:\/\/penkereineward.de.w01c2c81.kasserver.com\/wp-content\/uploads\/2017\/08\/Warmwasserbereiter-2-187x300.png\" alt=\"Warmwasserbereiter\" width=\"129\" height=\"207\" srcset=\"http:\/\/penkereineward.de.w01c2c81.kasserver.com\/wp-content\/uploads\/2017\/08\/Warmwasserbereiter-2-187x300.png 187w, http:\/\/penkereineward.de.w01c2c81.kasserver.com\/wp-content\/uploads\/2017\/08\/Warmwasserbereiter-2-93x150.png 93w, http:\/\/penkereineward.de.w01c2c81.kasserver.com\/wp-content\/uploads\/2017\/08\/Warmwasserbereiter-2.png 600w\" sizes=\"(max-width: 129px) 100vw, 129px\" \/>Mit unseren Warmwasserbereitern profitieren Sie von einer ganzen Reihe unterschiedlicher Vorteile: So lassen sich mit den zugeh\u00f6rigen Ger\u00e4ten innerhalb k\u00fcrzester Zeit gro\u00dfe Mengen an warmem Wasser bereitstellen. Des Weiteren zeichnen sich unsere Warmwasserbereiter durch eine gute Verarbeitung aus: Im Rahmen der Herstellung kommen ausnahmslos hochwertige Materialien zum Einsatz, die eine enorme Langlebigkeit mit sich bringen. Dazu z\u00e4hlt beispielsweise robuster Edelstahl, was den hohen Qualit\u00e4tsstandard unserer Produkte unterstreicht. Dar\u00fcber hinaus sorgt der Korrosionsschutz f\u00fcr eine dauerhaft uneingeschr\u00e4nkte Funktionalit\u00e4t. Durch die Ausstattung mit einem Heizrohrb\u00fcndel wird das Wasser energieeffizient erw\u00e4rmt, sodass sich die Energiekosten deutlich senken lassen.<\/p>\n<p>&nbsp;<\/p>\n<h3>Ma\u00dfgeschneiderte L\u00f6sungen und kundenorientierter Service<\/h3>\n<p>Die individuellen Vorstellungen unserer Kunden stehen bei uns im Mittelpunkt aller \u00dcberlegungen: Dementsprechend bieten wir Ihnen die Warmwasserbereiter in kundenspezifischen Auslegungen an und ber\u00fccksichtigen Ihr ganz spezielles Anforderungsprofil. So k\u00f6nnen Sie bei uns Modelle bestellen, die optimal f\u00fcr die jeweilige Einbausituation und Ihren konkreten Anwendungsbereich geeignet sind.\u00a0 Au\u00dferdem finden Sie bei uns erg\u00e4nzende Bauteile wie Armaturen, Pumpen und Regeltechnik, mit denen Sie Ihre Ausstattung vervollst\u00e4ndigen k\u00f6nnen. Bei Fragen zu unseren Warmwasserbereitern stehen wir Ihnen telefonisch und per Mail beratend zur Seite!<\/p>\n<p>&nbsp;<\/p>\n","protected":false},"excerpt":{"rendered":"<p>Warmwasserbereiter als Basis der energetischen Ausstattung Warmes Wasser geh\u00f6rt zu den grundlegenden Bestandteilen der energetischen Ausstattung von H\u00e4usern und Wohnungen. Zu diesem Zweck finden Sie bei uns funktionale Warmwasserbereiter in hochwertiger Qualit\u00e4t: Entdecken Sie jetzt unser vielf\u00e4ltiges Angebot und bestellen Sie Warmwasserbereiter, die Ihren individuellen Anforderungen gerecht werden. &nbsp; Hoher Qualit\u00e4tsstandard und effiziente Technik Mit<a href=\"http:\/\/penkereineward.de.w01c2c81.kasserver.com\/en\/water-heaters\/\" class=\"more-link\"> [mehr lesen] <\/a><\/p>\n","protected":false},"author":1,"featured_media":0,"parent":0,"menu_order":0,"comment_status":"closed","ping_status":"closed","template":"","meta":[],"acf":[],"yoast_head":"<!-- This site is optimized with the Yoast SEO plugin v21.5 - https:\/\/yoast.com\/wordpress\/plugins\/seo\/ -->\n<title>Water heaters - Penke, Reineward &amp; Co. GmbH<\/title>\n<meta name=\"robots\" content=\"index, follow, max-snippet:-1, max-image-preview:large, max-video-preview:-1\" \/>\n<link rel=\"canonical\" href=\"http:\/\/penkereineward.de.w01c2c81.kasserver.com\/en\/water-heaters\/\" \/>\n<meta property=\"og:locale\" content=\"en_US\" \/>\n<meta property=\"og:type\" content=\"article\" \/>\n<meta property=\"og:title\" content=\"Water heaters - Penke, Reineward &amp; Co. GmbH\" \/>\n<meta property=\"og:description\" content=\"Warmwasserbereiter als Basis der energetischen Ausstattung Warmes Wasser geh\u00f6rt zu den grundlegenden Bestandteilen der energetischen Ausstattung von H\u00e4usern und Wohnungen. Zu diesem Zweck finden Sie bei uns funktionale Warmwasserbereiter in hochwertiger Qualit\u00e4t: Entdecken Sie jetzt unser vielf\u00e4ltiges Angebot und bestellen Sie Warmwasserbereiter, die Ihren individuellen Anforderungen gerecht werden. &nbsp; Hoher Qualit\u00e4tsstandard und effiziente Technik Mit [mehr lesen]\" \/>\n<meta property=\"og:url\" content=\"http:\/\/penkereineward.de.w01c2c81.kasserver.com\/en\/water-heaters\/\" \/>\n<meta property=\"og:site_name\" content=\"Penke, Reineward &amp; Co. GmbH\" \/>\n<meta property=\"og:image\" content=\"http:\/\/penkereineward.de.w01c2c81.kasserver.com\/wp-content\/uploads\/2017\/08\/Warmwasserbereiter-2-187x300.png\" \/>\n<meta name=\"twitter:card\" content=\"summary_large_image\" \/>\n<meta name=\"twitter:label1\" content=\"Est. reading time\" \/>\n\t<meta name=\"twitter:data1\" content=\"1 minute\" \/>\n<script type=\"application\/ld+json\" class=\"yoast-schema-graph\">{\"@context\":\"https:\/\/schema.org\",\"@graph\":[{\"@type\":\"WebPage\",\"@id\":\"http:\/\/penkereineward.de.w01c2c81.kasserver.com\/en\/water-heaters\/\",\"url\":\"http:\/\/penkereineward.de.w01c2c81.kasserver.com\/en\/water-heaters\/\",\"name\":\"Water heaters - Penke, Reineward &amp; Co. GmbH\",\"isPartOf\":{\"@id\":\"http:\/\/penkereineward.de.w01c2c81.kasserver.com\/en\/#website\"},\"datePublished\":\"2019-05-13T15:54:42+00:00\",\"dateModified\":\"2019-05-13T15:54:42+00:00\",\"breadcrumb\":{\"@id\":\"http:\/\/penkereineward.de.w01c2c81.kasserver.com\/en\/water-heaters\/#breadcrumb\"},\"inLanguage\":\"en-US\",\"potentialAction\":[{\"@type\":\"ReadAction\",\"target\":[\"http:\/\/penkereineward.de.w01c2c81.kasserver.com\/en\/water-heaters\/\"]}]},{\"@type\":\"BreadcrumbList\",\"@id\":\"http:\/\/penkereineward.de.w01c2c81.kasserver.com\/en\/water-heaters\/#breadcrumb\",\"itemListElement\":[{\"@type\":\"ListItem\",\"position\":1,\"name\":\"Startseite\",\"item\":\"http:\/\/penkereineward.de.w01c2c81.kasserver.com\/en\/\"},{\"@type\":\"ListItem\",\"position\":2,\"name\":\"Water heaters\"}]},{\"@type\":\"WebSite\",\"@id\":\"http:\/\/penkereineward.de.w01c2c81.kasserver.com\/en\/#website\",\"url\":\"http:\/\/penkereineward.de.w01c2c81.kasserver.com\/en\/\",\"name\":\"Penke, Reineward &amp; Co. GmbH\",\"description\":\"Technischer Handel mit Industrieprodukten\",\"potentialAction\":[{\"@type\":\"SearchAction\",\"target\":{\"@type\":\"EntryPoint\",\"urlTemplate\":\"http:\/\/penkereineward.de.w01c2c81.kasserver.com\/en\/?s={search_term_string}\"},\"query-input\":\"required name=search_term_string\"}],\"inLanguage\":\"en-US\"}]}<\/script>\n<!-- \/ Yoast SEO plugin. -->","yoast_head_json":{"title":"Water heaters - Penke, Reineward &amp; Co. GmbH","robots":{"index":"index","follow":"follow","max-snippet":"max-snippet:-1","max-image-preview":"max-image-preview:large","max-video-preview":"max-video-preview:-1"},"canonical":"http:\/\/penkereineward.de.w01c2c81.kasserver.com\/en\/water-heaters\/","og_locale":"en_US","og_type":"article","og_title":"Water heaters - Penke, Reineward &amp; Co. GmbH","og_description":"Warmwasserbereiter als Basis der energetischen Ausstattung Warmes Wasser geh\u00f6rt zu den grundlegenden Bestandteilen der energetischen Ausstattung von H\u00e4usern und Wohnungen. Zu diesem Zweck finden Sie bei uns funktionale Warmwasserbereiter in hochwertiger Qualit\u00e4t: Entdecken Sie jetzt unser vielf\u00e4ltiges Angebot und bestellen Sie Warmwasserbereiter, die Ihren individuellen Anforderungen gerecht werden. &nbsp; Hoher Qualit\u00e4tsstandard und effiziente Technik Mit [mehr lesen]","og_url":"http:\/\/penkereineward.de.w01c2c81.kasserver.com\/en\/water-heaters\/","og_site_name":"Penke, Reineward &amp; Co. GmbH","og_image":[{"url":"http:\/\/penkereineward.de.w01c2c81.kasserver.com\/wp-content\/uploads\/2017\/08\/Warmwasserbereiter-2-187x300.png"}],"twitter_card":"summary_large_image","twitter_misc":{"Est. reading time":"1 minute"},"schema":{"@context":"https:\/\/schema.org","@graph":[{"@type":"WebPage","@id":"http:\/\/penkereineward.de.w01c2c81.kasserver.com\/en\/water-heaters\/","url":"http:\/\/penkereineward.de.w01c2c81.kasserver.com\/en\/water-heaters\/","name":"Water heaters - Penke, Reineward &amp; Co. GmbH","isPartOf":{"@id":"http:\/\/penkereineward.de.w01c2c81.kasserver.com\/en\/#website"},"datePublished":"2019-05-13T15:54:42+00:00","dateModified":"2019-05-13T15:54:42+00:00","breadcrumb":{"@id":"http:\/\/penkereineward.de.w01c2c81.kasserver.com\/en\/water-heaters\/#breadcrumb"},"inLanguage":"en-US","potentialAction":[{"@type":"ReadAction","target":["http:\/\/penkereineward.de.w01c2c81.kasserver.com\/en\/water-heaters\/"]}]},{"@type":"BreadcrumbList","@id":"http:\/\/penkereineward.de.w01c2c81.kasserver.com\/en\/water-heaters\/#breadcrumb","itemListElement":[{"@type":"ListItem","position":1,"name":"Startseite","item":"http:\/\/penkereineward.de.w01c2c81.kasserver.com\/en\/"},{"@type":"ListItem","position":2,"name":"Water heaters"}]},{"@type":"WebSite","@id":"http:\/\/penkereineward.de.w01c2c81.kasserver.com\/en\/#website","url":"http:\/\/penkereineward.de.w01c2c81.kasserver.com\/en\/","name":"Penke, Reineward &amp; Co. GmbH","description":"Technischer Handel mit Industrieprodukten","potentialAction":[{"@type":"SearchAction","target":{"@type":"EntryPoint","urlTemplate":"http:\/\/penkereineward.de.w01c2c81.kasserver.com\/en\/?s={search_term_string}"},"query-input":"required name=search_term_string"}],"inLanguage":"en-US"}]}},"_links":{"self":[{"href":"http:\/\/penkereineward.de.w01c2c81.kasserver.com\/en\/wp-json\/wp\/v2\/pages\/2408"}],"collection":[{"href":"http:\/\/penkereineward.de.w01c2c81.kasserver.com\/en\/wp-json\/wp\/v2\/pages"}],"about":[{"href":"http:\/\/penkereineward.de.w01c2c81.kasserver.com\/en\/wp-json\/wp\/v2\/types\/page"}],"author":[{"embeddable":true,"href":"http:\/\/penkereineward.de.w01c2c81.kasserver.com\/en\/wp-json\/wp\/v2\/users\/1"}],"replies":[{"embeddable":true,"href":"http:\/\/penkereineward.de.w01c2c81.kasserver.com\/en\/wp-json\/wp\/v2\/comments?post=2408"}],"version-history":[{"count":1,"href":"http:\/\/penkereineward.de.w01c2c81.kasserver.com\/en\/wp-json\/wp\/v2\/pages\/2408\/revisions"}],"predecessor-version":[{"id":2409,"href":"http:\/\/penkereineward.de.w01c2c81.kasserver.com\/en\/wp-json\/wp\/v2\/pages\/2408\/revisions\/2409"}],"wp:attachment":[{"href":"http:\/\/penkereineward.de.w01c2c81.kasserver.com\/en\/wp-json\/wp\/v2\/media?parent=2408"}],"curies":[{"name":"wp","href":"https:\/\/api.w.org\/{rel}","templated":true}]}}