{"id":4609,"date":"2023-04-24T21:07:14","date_gmt":"2023-04-24T19:07:14","guid":{"rendered":"http:\/\/penkereineward.de.w01c2c81.kasserver.com\/?page_id=4609"},"modified":"2023-04-24T21:07:14","modified_gmt":"2023-04-24T19:07:14","slug":"portfolio","status":"publish","type":"page","link":"http:\/\/penkereineward.de.w01c2c81.kasserver.com\/en\/portfolio\/","title":{"rendered":"Portfolio"},"content":{"rendered":"<p><center><strong>Hier pr\u00e4sentieren wir Ihnen eine kleine Auswahl unseres Portfolios, welches wir Ihnen in 360 Grad pr\u00e4sentieren.<\/strong><\/center><\/p>\n<div class=\"container\">\n<div class=\"four columns\">\n<div class=\"threesixty-image-rotate product\"><\/div>\n<h5>Tischk\u00fchler mit St\u00e4nderwerk und Ventilatoren<\/h5>\n<\/div>\n<div class=\"four columns\">\n<div class=\"threesixty-image-rotate product2\"><\/div>\n<h5>W\u00e4rmetauscher Doppelb\u00fcndel Kreuzgegenstrom<\/h5>\n<\/div>\n<div class=\"four columns\">\n<div class=\"threesixty-image-rotate product3\"><\/div>\n<h5>W\u00e4rmetauscher mit St\u00e4nderwerk und \u00dcbergangshauben mit Leitbleche<\/h5>\n<\/div>\n<\/div>\n<div class=\"container\">\n<div class=\"four columns\">\n<div class=\"threesixty-image-rotate product4\"><\/div>\n<h5>Standardw\u00e4rmetauscher<\/h5>\n<\/div>\n<div class=\"four columns\">\n<div class=\"threesixty-image-rotate product5\"><\/div>\n<h5>3-B\u00fcndel Gegenstromb\u00f6gen<\/h5>\n<\/div>\n<div class=\"four columns\">\n<div class=\"threesixty-image-rotate product6\"><\/div>\n<h5>Dampfregister mit St\u00e4nderwerk und \u00dcbergangshauben<\/h5>\n<\/div>\n<\/div>\n<div class=\"container\">\n<div class=\"four columns\">\n<div class=\"threesixty-image-rotate product7\"><\/div>\n<h5>W\u00e4rmer\u00fcckgewinnungssystem komplett Rohrschlangen<\/h5>\n<\/div>\n<div class=\"four columns\">\n<div class=\"threesixty-image-rotate product8\"><\/div>\n<h5>W\u00e4rmetauscher mit Regelstrecke und \u00dcbergangshauben<\/h5>\n<\/div>\n<div class=\"four columns\">\n<div class=\"threesixty-image-rotate product9\"><\/div>\n<h5>Doppelb\u00fcndel mit Temperaturmessung und \u00dcbergangshauben<\/h5>\n<\/div>\n<\/div>\n<div class=\"container\">\n<div class=\"four columns\">\n<div class=\"threesixty-image-rotate product10\"><\/div>\n<h5>Kondensator mit Geh\u00e4use komplett<\/h5>\n<\/div>\n<div class=\"four columns\"><\/div>\n<div class=\"four columns\"><\/div>\n<\/div>\n<div class=\"container\">\n<div class=\"twelve columns centered\">\n<a href=\"\/#kontakteditor\" class=\"button first\">Jetzt Anfragen<\/a><\/div>\n<\/div>\n","protected":false},"excerpt":{"rendered":"<p>Hier pr\u00e4sentieren wir Ihnen eine kleine Auswahl unseres Portfolios, welches wir Ihnen in 360 Grad pr\u00e4sentieren. Tischk\u00fchler mit St\u00e4nderwerk und Ventilatoren W\u00e4rmetauscher Doppelb\u00fcndel Kreuzgegenstrom W\u00e4rmetauscher mit St\u00e4nderwerk und \u00dcbergangshauben mit Leitbleche Standardw\u00e4rmetauscher 3-B\u00fcndel Gegenstromb\u00f6gen Dampfregister mit St\u00e4nderwerk und \u00dcbergangshauben W\u00e4rmer\u00fcckgewinnungssystem komplett Rohrschlangen W\u00e4rmetauscher mit Regelstrecke und \u00dcbergangshauben Doppelb\u00fcndel mit Temperaturmessung und \u00dcbergangshauben Kondensator mit Geh\u00e4use<a href=\"http:\/\/penkereineward.de.w01c2c81.kasserver.com\/en\/portfolio\/\" class=\"more-link\"> [mehr lesen] <\/a><\/p>\n","protected":false},"author":1,"featured_media":0,"parent":0,"menu_order":0,"comment_status":"closed","ping_status":"closed","template":"page-360.php","meta":[],"acf":[],"yoast_head":"<!-- This site is optimized with the Yoast SEO plugin v21.5 - https:\/\/yoast.com\/wordpress\/plugins\/seo\/ -->\n<title>Portfolio - Penke, Reineward &amp; Co. GmbH<\/title>\n<meta name=\"robots\" content=\"index, follow, max-snippet:-1, max-image-preview:large, max-video-preview:-1\" \/>\n<link rel=\"canonical\" href=\"http:\/\/penkereineward.de.w01c2c81.kasserver.com\/en\/portfolio\/\" \/>\n<meta property=\"og:locale\" content=\"en_US\" \/>\n<meta property=\"og:type\" content=\"article\" \/>\n<meta property=\"og:title\" content=\"Portfolio - Penke, Reineward &amp; Co. GmbH\" \/>\n<meta property=\"og:description\" content=\"Hier pr\u00e4sentieren wir Ihnen eine kleine Auswahl unseres Portfolios, welches wir Ihnen in 360 Grad pr\u00e4sentieren. Tischk\u00fchler mit St\u00e4nderwerk und Ventilatoren W\u00e4rmetauscher Doppelb\u00fcndel Kreuzgegenstrom W\u00e4rmetauscher mit St\u00e4nderwerk und \u00dcbergangshauben mit Leitbleche Standardw\u00e4rmetauscher 3-B\u00fcndel Gegenstromb\u00f6gen Dampfregister mit St\u00e4nderwerk und \u00dcbergangshauben W\u00e4rmer\u00fcckgewinnungssystem komplett Rohrschlangen W\u00e4rmetauscher mit Regelstrecke und \u00dcbergangshauben Doppelb\u00fcndel mit Temperaturmessung und \u00dcbergangshauben Kondensator mit Geh\u00e4use [mehr lesen]\" \/>\n<meta property=\"og:url\" content=\"http:\/\/penkereineward.de.w01c2c81.kasserver.com\/en\/portfolio\/\" \/>\n<meta property=\"og:site_name\" content=\"Penke, Reineward &amp; Co. GmbH\" \/>\n<meta name=\"twitter:card\" content=\"summary_large_image\" \/>\n<meta name=\"twitter:label1\" content=\"Est. reading time\" \/>\n\t<meta name=\"twitter:data1\" content=\"1 minute\" \/>\n<script type=\"application\/ld+json\" class=\"yoast-schema-graph\">{\"@context\":\"https:\/\/schema.org\",\"@graph\":[{\"@type\":\"WebPage\",\"@id\":\"http:\/\/penkereineward.de.w01c2c81.kasserver.com\/en\/portfolio\/\",\"url\":\"http:\/\/penkereineward.de.w01c2c81.kasserver.com\/en\/portfolio\/\",\"name\":\"Portfolio - Penke, Reineward &amp; Co. GmbH\",\"isPartOf\":{\"@id\":\"http:\/\/penkereineward.de.w01c2c81.kasserver.com\/en\/#website\"},\"datePublished\":\"2023-04-24T19:07:14+00:00\",\"dateModified\":\"2023-04-24T19:07:14+00:00\",\"breadcrumb\":{\"@id\":\"http:\/\/penkereineward.de.w01c2c81.kasserver.com\/en\/portfolio\/#breadcrumb\"},\"inLanguage\":\"en-US\",\"potentialAction\":[{\"@type\":\"ReadAction\",\"target\":[\"http:\/\/penkereineward.de.w01c2c81.kasserver.com\/en\/portfolio\/\"]}]},{\"@type\":\"BreadcrumbList\",\"@id\":\"http:\/\/penkereineward.de.w01c2c81.kasserver.com\/en\/portfolio\/#breadcrumb\",\"itemListElement\":[{\"@type\":\"ListItem\",\"position\":1,\"name\":\"Startseite\",\"item\":\"http:\/\/penkereineward.de.w01c2c81.kasserver.com\/en\/\"},{\"@type\":\"ListItem\",\"position\":2,\"name\":\"Portfolio\"}]},{\"@type\":\"WebSite\",\"@id\":\"http:\/\/penkereineward.de.w01c2c81.kasserver.com\/en\/#website\",\"url\":\"http:\/\/penkereineward.de.w01c2c81.kasserver.com\/en\/\",\"name\":\"Penke, Reineward &amp; Co. GmbH\",\"description\":\"Technischer Handel mit Industrieprodukten\",\"potentialAction\":[{\"@type\":\"SearchAction\",\"target\":{\"@type\":\"EntryPoint\",\"urlTemplate\":\"http:\/\/penkereineward.de.w01c2c81.kasserver.com\/en\/?s={search_term_string}\"},\"query-input\":\"required name=search_term_string\"}],\"inLanguage\":\"en-US\"}]}<\/script>\n<!-- \/ Yoast SEO plugin. -->","yoast_head_json":{"title":"Portfolio - Penke, Reineward &amp; Co. GmbH","robots":{"index":"index","follow":"follow","max-snippet":"max-snippet:-1","max-image-preview":"max-image-preview:large","max-video-preview":"max-video-preview:-1"},"canonical":"http:\/\/penkereineward.de.w01c2c81.kasserver.com\/en\/portfolio\/","og_locale":"en_US","og_type":"article","og_title":"Portfolio - Penke, Reineward &amp; Co. GmbH","og_description":"Hier pr\u00e4sentieren wir Ihnen eine kleine Auswahl unseres Portfolios, welches wir Ihnen in 360 Grad pr\u00e4sentieren. Tischk\u00fchler mit St\u00e4nderwerk und Ventilatoren W\u00e4rmetauscher Doppelb\u00fcndel Kreuzgegenstrom W\u00e4rmetauscher mit St\u00e4nderwerk und \u00dcbergangshauben mit Leitbleche Standardw\u00e4rmetauscher 3-B\u00fcndel Gegenstromb\u00f6gen Dampfregister mit St\u00e4nderwerk und \u00dcbergangshauben W\u00e4rmer\u00fcckgewinnungssystem komplett Rohrschlangen W\u00e4rmetauscher mit Regelstrecke und \u00dcbergangshauben Doppelb\u00fcndel mit Temperaturmessung und \u00dcbergangshauben Kondensator mit Geh\u00e4use [mehr lesen]","og_url":"http:\/\/penkereineward.de.w01c2c81.kasserver.com\/en\/portfolio\/","og_site_name":"Penke, Reineward &amp; Co. GmbH","twitter_card":"summary_large_image","twitter_misc":{"Est. reading time":"1 minute"},"schema":{"@context":"https:\/\/schema.org","@graph":[{"@type":"WebPage","@id":"http:\/\/penkereineward.de.w01c2c81.kasserver.com\/en\/portfolio\/","url":"http:\/\/penkereineward.de.w01c2c81.kasserver.com\/en\/portfolio\/","name":"Portfolio - Penke, Reineward &amp; Co. GmbH","isPartOf":{"@id":"http:\/\/penkereineward.de.w01c2c81.kasserver.com\/en\/#website"},"datePublished":"2023-04-24T19:07:14+00:00","dateModified":"2023-04-24T19:07:14+00:00","breadcrumb":{"@id":"http:\/\/penkereineward.de.w01c2c81.kasserver.com\/en\/portfolio\/#breadcrumb"},"inLanguage":"en-US","potentialAction":[{"@type":"ReadAction","target":["http:\/\/penkereineward.de.w01c2c81.kasserver.com\/en\/portfolio\/"]}]},{"@type":"BreadcrumbList","@id":"http:\/\/penkereineward.de.w01c2c81.kasserver.com\/en\/portfolio\/#breadcrumb","itemListElement":[{"@type":"ListItem","position":1,"name":"Startseite","item":"http:\/\/penkereineward.de.w01c2c81.kasserver.com\/en\/"},{"@type":"ListItem","position":2,"name":"Portfolio"}]},{"@type":"WebSite","@id":"http:\/\/penkereineward.de.w01c2c81.kasserver.com\/en\/#website","url":"http:\/\/penkereineward.de.w01c2c81.kasserver.com\/en\/","name":"Penke, Reineward &amp; Co. GmbH","description":"Technischer Handel mit Industrieprodukten","potentialAction":[{"@type":"SearchAction","target":{"@type":"EntryPoint","urlTemplate":"http:\/\/penkereineward.de.w01c2c81.kasserver.com\/en\/?s={search_term_string}"},"query-input":"required name=search_term_string"}],"inLanguage":"en-US"}]}},"_links":{"self":[{"href":"http:\/\/penkereineward.de.w01c2c81.kasserver.com\/en\/wp-json\/wp\/v2\/pages\/4609"}],"collection":[{"href":"http:\/\/penkereineward.de.w01c2c81.kasserver.com\/en\/wp-json\/wp\/v2\/pages"}],"about":[{"href":"http:\/\/penkereineward.de.w01c2c81.kasserver.com\/en\/wp-json\/wp\/v2\/types\/page"}],"author":[{"embeddable":true,"href":"http:\/\/penkereineward.de.w01c2c81.kasserver.com\/en\/wp-json\/wp\/v2\/users\/1"}],"replies":[{"embeddable":true,"href":"http:\/\/penkereineward.de.w01c2c81.kasserver.com\/en\/wp-json\/wp\/v2\/comments?post=4609"}],"version-history":[{"count":1,"href":"http:\/\/penkereineward.de.w01c2c81.kasserver.com\/en\/wp-json\/wp\/v2\/pages\/4609\/revisions"}],"predecessor-version":[{"id":4610,"href":"http:\/\/penkereineward.de.w01c2c81.kasserver.com\/en\/wp-json\/wp\/v2\/pages\/4609\/revisions\/4610"}],"wp:attachment":[{"href":"http:\/\/penkereineward.de.w01c2c81.kasserver.com\/en\/wp-json\/wp\/v2\/media?parent=4609"}],"curies":[{"name":"wp","href":"https:\/\/api.w.org\/{rel}","templated":true}]}}